
     {"id":80112,"date":"2023-12-05T09:46:37","date_gmt":"2023-12-05T08:46:37","guid":{"rendered":"https:\/\/www.englishmontessorischool.com\/careers-with-tems\/"},"modified":"2024-08-27T09:15:23","modified_gmt":"2024-08-27T07:15:23","slug":"trabaja-en-tems","status":"publish","type":"page","link":"https:\/\/www.englishmontessorischool.com\/es\/trabaja-en-tems\/","title":{"rendered":"Trabaja en TEMS"},"content":{"rendered":"<div class=\"wpb-content-wrapper\"><p>[vc_row][vc_column]<section  class=\"bg-video-wrap hero section hero--centertext   \" style='background: url(https:\/\/www.englishmontessorischool.com\/wp-content\/uploads\/sites\/121\/2023\/11\/SH_1117-1.jpg) top ;background-size:cover ;'>\n                <div class=\"bg-overlay\" ><\/div>\n                <div class=\"overlay\" >\n                  <div class=\"container-fluid\">\n                    <div class=\"row\">\n                      <div class=\"col-md-12 col-lg-12\">\n\n                        <div class=\"caption text-start\"><div class=\"component sub-heading\" >\n                              <h1 class=\"display-h1\">Trabaja en TEMS<\/h1>\n                            <\/div><\/div>\n                      <\/div>\n                    <\/div>\n                  <\/div>\n                <\/div>\n              <\/section><div class='row  m-x-0 breadcrumb-wrap ' style=''><div class='container-fluid' >\n                <nav aria-label='breadcrumb'><ol class=\"breadcrumb mt-3\">\n                  <li class=\"breadcrumb-item\"><a href=\"https:\/\/www.englishmontessorischool.com\/es\/\">Home<\/a><\/li>\n                  <li class=\"breadcrumb-item active\" aria-current=\"page\">Trabaja en TEMS<\/li>\n                <\/ol>\n              <\/nav>\n              <\/div>\n            <\/div>[\/vc_column][\/vc_row][vc_row][vc_column]\n            <div class=\"wrapper\">\n    <section  style='' class=\"section    container-width    \" ><div class=\"container-fluid\"><div class=\"row    \"><div class=\" col-lg-6 col-md-6      \" ><div class=\"component mb-1 mt-0  radius-bottom-LR \" style='px'><div class=\"sub-heading component\"><h2  class=\"h5  \">\u00danete a nuestro equipo en TEMS<\/h2><\/div>\n                        <div class=\"sub-heading component \">\n                        <p class=\"body-medium\"><h3>Comprometidos con la protecci\u00f3n y el cuidado de la pr\u00f3xima generaci\u00f3n.<\/h3><\/p>\n                        <\/div><\/div><div class=\"component mb-1 mt-0  radius-bottom-LR \" style='px'>\n                        <div class=\"sub-heading component \">\n                        <p class=\"body-medium\"><br>Cognita Schools se compromete a salvaguardar y promover el bienestar de los ni\u00f1os y j\u00f3venes y espera que todo su personal, voluntarios y terceros compartan este compromiso. Antes de confirmar cualquier nombramiento, se llevar\u00e1n a cabo pr\u00e1cticas de contrataci\u00f3n m\u00e1s seguras y comprobaciones de antecedentes previas a la contrataci\u00f3n.<br \/>\n<br \/>\nPara solicitar cualquiera de estos puestos, descargue el formulario de solicitud, siga las instrucciones para cumplimentarlo y env\u00edelo a <a href=\"mailto:recruitment@tems.es\"> recruitment@tems.es<\/a> recruitment@tems.es antes de la fecha l\u00edmite. Por favor, haga referencia al t\u00edtulo del puesto en la l\u00ednea de asunto. <\/p>\n                        <\/div><\/div><\/div>\n                    <div class=\"col-lg-6 col-md-6    \"><div class=\"component single-img \"><div class=\"ratio ratio-4x3 callout-img halfcol--img image_overlay_9126\" style=\"background-image: url(https:\/\/www.englishmontessorischool.com\/wp-content\/uploads\/sites\/121\/2024\/01\/Join-our-team.jpg);\"><\/div><\/div> <\/div>\n             <\/div>\n        <\/div>\n<\/section>\n            <\/div>[\/vc_column][\/vc_row][vc_row css=&#8221;.vc_custom_1701770466628{background-image: url(https:\/\/www.englishmontessorischool.com\/wp-content\/uploads\/sites\/121\/2023\/11\/Green-large-pattern-01-04.png?id=78330) !important;background-position: center !important;background-repeat: no-repeat !important;background-size: cover !important;}&#8221;][vc_column]<div class=\"wrapper\"><section  class=\"section   container-width   \" style=''><div class=\"container-fluid \"><div class=\"row m-x-0\"><div class=\"col-lg-12\">   <\/div>\n                <\/div><div class=\"row m-x-0 justify-content-between\">\n                    <div class=\"col-xl-6 col-lg-6 col-md-6\"><div class=\"component link\"><div class=\"ratio ratio-16x9 image_overlay_2919 callout-img halfcol--img\" style=\"background-image: url(https:\/\/www.englishmontessorischool.com\/wp-content\/uploads\/sites\/121\/2024\/01\/Note-the-following.jpg);\"><\/div><\/div><div class=\"component link\"><\/div>    <\/div><div class=\"col-lg-6 col-md-6\"><div class=\"component IconWithText-list\">\n                            <div class=\"card\">               <div class=\"card-header section--blue-card\" >\n                                    <div class=\"sub-heading component mb-0\">\n                                        <p class=\"body-large-bold\">Tenga en cuenta lo siguiente:<\/p>\n                                    <\/div>\n                                <\/div>               <div class=\"card-body section--white\">\n                                    <div class=\"component list list--IconWithText-list bordered--icon blue-icon\">\n                                        <ul>                           <li><div class=\"component icon\"><i class=\"fas fa-check\"><\/i><\/div><div class=\"component link\"> <p class=\"body-small-bold p-0\">Necesitamos que completes tu informaci\u00f3n con exactitud para que no haya lagunas en tu historial educativo o profesional desde la ense\u00f1anza secundaria. Aseg\u00farate de incluir el mes y el a\u00f1o en cada fecha y de explicar todas las lagunas.<\/p> <\/div> <\/li>                            <li><div class=\"component icon\"><i class=\"fas fa-check\"><\/i><\/div><div class=\"component link\"> <p class=\"body-small-bold p-0\">Por favor, incluya su nombre completo (incluyendo sus segundos nombres seg\u00fan su DNI donde dice \u201cnombre completo\u201d).<\/p> <\/div> <\/li>                            <li><div class=\"component icon\"><i class=\"fas fa-check\"><\/i><\/div><div class=\"component link\"> <p class=\"body-small-bold p-0\">Tenga en cuenta que necesitamos que nos facilite un m\u00ednimo de dos contactos de sus dos empleadores m\u00e1s recientes (que ser\u00edan su empleador actual y el anterior).<\/p> <\/div> <\/li>                        <\/ul>\n                                    <\/div>\n                                <\/div>           <\/div>\n\n                        <\/div><\/div><\/div>  <div class=\"row m-0 justify-content-between\">\n            <div class=\"col-xl-12 col-lg-12 col-md-12 mt-3\">   <\/div>\n        <\/div><\/div><\/section><\/div>[\/vc_column][\/vc_row][vc_row][vc_column]\n            <div class=\"wrapper\">\n    <section  style='' class=\"section    container-width    \" ><div class=\"container-fluid\"><div class=\"row\">\n                <div class=\"col-md-12 col-lg-10\">  <div class=\"component title\">\n                                        <p class=\"body-small\">Vacantes<\/p>\n                                    <\/div> <div class=\"component heading\">\n                     <h2 class=\"h4\">En este momento no tenemos vacantes disponibles.<\/h2>\n                 <\/div><\/div>\n                <\/div><div class=\"row   pt-3 pt-md-5 \"><div class=\" col-lg-6 col-md-6      \" ><\/div>\n                    <div class=\"col-lg-6 col-md-6    \"> <\/div>\n             <\/div>\n        <\/div>\n<\/section>\n            <\/div>[\/vc_column][\/vc_row][vc_row][vc_column]<style>\n\t\t\t\t\t\t.linkcard-override .card--bordered {\n\t\t\t\t\t\t\tborder-color: #ffffff !important;\n\t\t\t\t\t\t\ttransition: color .15s ease-in-out,\n\t\t\t\t\t\t\t\t\t\tbackground-color .15s ease-in-out,\n\t\t\t\t\t\t\t\t\t\tborder-color .15s ease-in-out,\n\t\t\t\t\t\t\t\t\t\tbox-shadow .15s ease-in-out;\n\t\t\t\t\t\t}\n\t\t\t\t\t\t.linkcard-override .btn-link {color: #ffffff !important;}\n\t\t\t\t\t\t.linkcard-override .card--bordered:hover { border-color: #6faa41 !important;}\n\t\t\t\t\t\t.linkcard-override .card--bordered:hover .btn-link {color: #6faa41 !important}\n\t\t\t\t\t\t.linkcard-override .btn-link:hover {color: #ffffff !important;}\n\t\t\t\t\t<\/style><section class=\"section section--blue bottom-step TopBottomBorder   \" style=\"background-image: url('https:\/\/www.englishmontessorischool.com\/wp-content\/uploads\/sites\/121\/2023\/11\/Vista_01-1-e1701168369891.png');;;margin-top:5px;\"><style>.bottom-step.section--blue:before {background: rgba(35,90,51,0.9);}<\/style><div class=\"container-fluid\"><div class=\"row\"><div class=\"col-sm-12\"><div class=\"component title\"><p class=\"body-small\">PONTE EN CONTACTO<\/p><\/div><\/div><\/div><div class=\"row\"><div class=\"col-md-4\"><div class=\"component linkcard linkcard-override\">\n                                <a class=\"card card--bordered\" href=\"\/es\/haz-una-consulta\/\">\n                                    <div class=\"card-body d-flex align-items-center\">\n                                    <div> <div class=\"component link\">\n                                            <div  class=\"btn btn-link simple-link h5\">Haz una Consulta<\/div>\n                                        <\/div><\/div><\/div><\/a><\/div><\/div><div class=\"col-md-4\"><div class=\"component linkcard linkcard-override\">\n                                <a class=\"card card--bordered\" href=\"\/es\/solicita-una-visita-privada\/\">\n                                    <div class=\"card-body d-flex align-items-center\">\n                                    <div> <div class=\"component link\">\n                                            <div  class=\"btn btn-link simple-link h5\">Solicita una Visita Privada<\/div>\n                                        <\/div><\/div><\/div><\/a><\/div><\/div><div class=\"col-md-4\"><div class=\"component linkcard linkcard-override\">\n                                <a class=\"card card--bordered\" href=\"\/es\/reservar-una-jornada-de-puertas-abiertas\/\">\n                                    <div class=\"card-body d-flex align-items-center\">\n                                    <div> <div class=\"component link\">\n                                            <div  class=\"btn btn-link simple-link h5\">Ven a un D\u00eda de Puertas Abiertas<\/div>\n                                        <\/div><\/div><\/div><\/a><\/div><\/div><\/div><\/section>[\/vc_column][\/vc_row]<\/p>\n<\/div>","protected":false},"excerpt":{"rendered":"<p>[vc_row][vc_column][\/vc_column][\/vc_row][vc_row][vc_column][\/vc_column][\/vc_row][vc_row css=&#8221;.vc_custom_1701770466628{background-image: url(https:\/\/www.englishmontessorischool.com\/wp-content\/uploads\/sites\/121\/2023\/11\/Green-large-pattern-01-04.png?id=78330) !important;background-position: center !important;background-repeat: no-repeat !important;background-size: cover !important;}&#8221;][vc_column][\/vc_column][\/vc_row][vc_row][vc_column][\/vc_column][\/vc_row][vc_row][vc_column][\/vc_column][\/vc_row]<\/p>\n","protected":false},"author":441,"featured_media":0,"parent":0,"menu_order":0,"comment_status":"closed","ping_status":"closed","template":"","meta":{"_acf_changed":false,"footnotes":""},"class_list":["post-80112","page","type-page","status-publish","hentry"],"acf":[],"yoast_head":"<!-- This site is optimized with the Yoast SEO plugin v26.5 - https:\/\/yoast.com\/wordpress\/plugins\/seo\/ -->\n<title>Trabaja en TEMS<\/title>\n<meta name=\"description\" content=\"\u00bfQuieres formar parte de TEMS? \u00danete a nuestro equipo y trabaja con nosotros por la educaci\u00f3n.\" \/>\n<meta name=\"robots\" content=\"index, follow, max-snippet:-1, max-image-preview:large, max-video-preview:-1\" \/>\n<link rel=\"canonical\" href=\"https:\/\/www.englishmontessorischool.com\/es\/trabaja-en-tems\/\" \/>\n<meta property=\"og:locale\" content=\"es_ES\" \/>\n<meta property=\"og:type\" content=\"article\" \/>\n<meta property=\"og:title\" content=\"Trabaja en TEMS\" \/>\n<meta property=\"og:description\" content=\"\u00bfQuieres formar parte de TEMS? \u00danete a nuestro equipo y trabaja con nosotros por la educaci\u00f3n.\" \/>\n<meta property=\"og:url\" content=\"https:\/\/www.englishmontessorischool.com\/es\/trabaja-en-tems\/\" \/>\n<meta property=\"og:site_name\" content=\"The English Montessori School - British Montessori School in Madrid\" \/>\n<meta property=\"article:publisher\" content=\"https:\/\/www.facebook.com\/englishmontessorischool\/\" \/>\n<meta property=\"article:modified_time\" content=\"2024-08-27T07:15:23+00:00\" \/>\n<meta property=\"og:image\" content=\"https:\/\/www.englishmontessorischool.com\/wp-content\/uploads\/sites\/121\/2024\/04\/tems-imagen-destacada.jpg\" \/>\n\t<meta property=\"og:image:width\" content=\"1200\" \/>\n\t<meta property=\"og:image:height\" content=\"675\" \/>\n\t<meta property=\"og:image:type\" content=\"image\/jpeg\" \/>\n<meta name=\"twitter:card\" content=\"summary_large_image\" \/>\n<meta name=\"twitter:site\" content=\"@TemsMadrid\" \/>\n<meta name=\"twitter:label1\" content=\"Tiempo de lectura\" \/>\n\t<meta name=\"twitter:data1\" content=\"2 minutos\" \/>\n<!-- \/ Yoast SEO plugin. -->","yoast_head_json":{"title":"Trabaja en TEMS","description":"\u00bfQuieres formar parte de TEMS? \u00danete a nuestro equipo y trabaja con nosotros por la educaci\u00f3n.","robots":{"index":"index","follow":"follow","max-snippet":"max-snippet:-1","max-image-preview":"max-image-preview:large","max-video-preview":"max-video-preview:-1"},"canonical":"https:\/\/www.englishmontessorischool.com\/es\/trabaja-en-tems\/","og_locale":"es_ES","og_type":"article","og_title":"Trabaja en TEMS","og_description":"\u00bfQuieres formar parte de TEMS? \u00danete a nuestro equipo y trabaja con nosotros por la educaci\u00f3n.","og_url":"https:\/\/www.englishmontessorischool.com\/es\/trabaja-en-tems\/","og_site_name":"The English Montessori School - British Montessori School in Madrid","article_publisher":"https:\/\/www.facebook.com\/englishmontessorischool\/","article_modified_time":"2024-08-27T07:15:23+00:00","og_image":[{"width":1200,"height":675,"url":"https:\/\/www.englishmontessorischool.com\/wp-content\/uploads\/sites\/121\/2024\/04\/tems-imagen-destacada.jpg","type":"image\/jpeg"}],"twitter_card":"summary_large_image","twitter_site":"@TemsMadrid","twitter_misc":{"Tiempo de lectura":"2 minutos"},"schema":{"@context":"https:\/\/schema.org","@graph":[{"@type":"WebPage","@id":"https:\/\/www.englishmontessorischool.com\/es\/trabaja-en-tems\/","url":"https:\/\/www.englishmontessorischool.com\/es\/trabaja-en-tems\/","name":"Trabaja en TEMS","isPartOf":{"@id":"https:\/\/www.englishmontessorischool.com\/es\/#website"},"datePublished":"2023-12-05T08:46:37+00:00","dateModified":"2024-08-27T07:15:23+00:00","description":"\u00bfQuieres formar parte de TEMS? \u00danete a nuestro equipo y trabaja con nosotros por la educaci\u00f3n.","breadcrumb":{"@id":"https:\/\/www.englishmontessorischool.com\/es\/trabaja-en-tems\/#breadcrumb"},"inLanguage":"es","potentialAction":[{"@type":"ReadAction","target":["https:\/\/www.englishmontessorischool.com\/es\/trabaja-en-tems\/"]}]},{"@type":"BreadcrumbList","@id":"https:\/\/www.englishmontessorischool.com\/es\/trabaja-en-tems\/#breadcrumb","itemListElement":[{"@type":"ListItem","position":1,"name":"Home","item":"https:\/\/www.englishmontessorischool.com\/es\/"},{"@type":"ListItem","position":2,"name":"Trabaja en TEMS"}]},{"@type":"WebSite","@id":"https:\/\/www.englishmontessorischool.com\/es\/#website","url":"https:\/\/www.englishmontessorischool.com\/es\/","name":"The English Montessori School","description":"Discover The English Montessori School, a bilingual private school located in Madrid offering a tailor-made, holistic education for boys &amp; girls, aged 3 to 18.","publisher":{"@id":"https:\/\/www.englishmontessorischool.com\/es\/#organization"},"alternateName":"TEMS","potentialAction":[{"@type":"SearchAction","target":{"@type":"EntryPoint","urlTemplate":"https:\/\/www.englishmontessorischool.com\/es\/?s={search_term_string}"},"query-input":{"@type":"PropertyValueSpecification","valueRequired":true,"valueName":"search_term_string"}}],"inLanguage":"es"},{"@type":"Organization","@id":"https:\/\/www.englishmontessorischool.com\/es\/#organization","name":"The English Montessori School","alternateName":"TEMS","url":"https:\/\/www.englishmontessorischool.com\/es\/","logo":{"@type":"ImageObject","inLanguage":"es","@id":"https:\/\/www.englishmontessorischool.com\/es\/#\/schema\/logo\/image\/","url":"https:\/\/www.englishmontessorischool.com\/wp-content\/uploads\/sites\/121\/2023\/12\/a846f8f5-6711-4e7b-a360-2c8b000685ea.png","contentUrl":"https:\/\/www.englishmontessorischool.com\/wp-content\/uploads\/sites\/121\/2023\/12\/a846f8f5-6711-4e7b-a360-2c8b000685ea.png","width":192,"height":192,"caption":"The English Montessori School"},"image":{"@id":"https:\/\/www.englishmontessorischool.com\/es\/#\/schema\/logo\/image\/"},"sameAs":["https:\/\/www.facebook.com\/englishmontessorischool\/","https:\/\/x.com\/TemsMadrid","https:\/\/www.instagram.com\/temsmadrid\/"]}]}},"jetpack_sharing_enabled":true,"_links":{"self":[{"href":"https:\/\/www.englishmontessorischool.com\/es\/wp-json\/wp\/v2\/pages\/80112","targetHints":{"allow":["GET"]}}],"collection":[{"href":"https:\/\/www.englishmontessorischool.com\/es\/wp-json\/wp\/v2\/pages"}],"about":[{"href":"https:\/\/www.englishmontessorischool.com\/es\/wp-json\/wp\/v2\/types\/page"}],"author":[{"embeddable":true,"href":"https:\/\/www.englishmontessorischool.com\/es\/wp-json\/wp\/v2\/users\/441"}],"replies":[{"embeddable":true,"href":"https:\/\/www.englishmontessorischool.com\/es\/wp-json\/wp\/v2\/comments?post=80112"}],"version-history":[{"count":31,"href":"https:\/\/www.englishmontessorischool.com\/es\/wp-json\/wp\/v2\/pages\/80112\/revisions"}],"predecessor-version":[{"id":82555,"href":"https:\/\/www.englishmontessorischool.com\/es\/wp-json\/wp\/v2\/pages\/80112\/revisions\/82555"}],"wp:attachment":[{"href":"https:\/\/www.englishmontessorischool.com\/es\/wp-json\/wp\/v2\/media?parent=80112"}],"curies":[{"name":"wp","href":"https:\/\/api.w.org\/{rel}","templated":true}]}}